{"id":10,"date":"2025-03-11T11:29:36","date_gmt":"2025-03-11T11:29:36","guid":{"rendered":"https:\/\/workdignity.eu\/?page_id=10"},"modified":"2025-06-23T14:59:13","modified_gmt":"2025-06-23T14:59:13","slug":"homepage","status":"publish","type":"page","link":"https:\/\/workdignity.eu\/","title":{"rendered":"HomePage"},"content":{"rendered":"<p><div class=\"fusion-fullwidth fullwidth-box fusion-builder-row-1 fusion-flex-container has-pattern-background has-mask-background nonhundred-percent-fullwidth non-hundred-percent-height-scrolling\" style=\"--awb-border-radius-top-left:0px;--awb-border-radius-top-right:0px;--awb-border-radius-bottom-right:0px;--awb-border-radius-bottom-left:0px;--awb-flex-wrap:wrap;\" ><div class=\"fusion-builder-row fusion-row fusion-flex-align-items-flex-start fusion-flex-content-wrap\" style=\"max-width:1248px;margin-left: calc(-4% \/ 2 );margin-right: calc(-4% \/ 2 );\"><div class=\"fusion-layout-column fusion_builder_column fusion-builder-column-0 fusion_builder_column_1_2 1_2 fusion-flex-column\" style=\"--awb-bg-size:cover;--awb-width-large:50%;--awb-margin-top-large:0px;--awb-spacing-right-large:3.84%;--awb-margin-bottom-large:20px;--awb-spacing-left-large:3.84%;--awb-width-medium:50%;--awb-order-medium:0;--awb-spacing-right-medium:3.84%;--awb-spacing-left-medium:3.84%;--awb-width-small:100%;--awb-order-small:0;--awb-spacing-right-small:1.92%;--awb-spacing-left-small:1.92%;\"><div class=\"fusion-column-wrapper fusion-column-has-shadow fusion-flex-justify-content-flex-start fusion-content-layout-column\"><div class=\"fusion-text fusion-text-1\"><p><b>Feedback Mechanisms:<span class=\"Apple-converted-space\">\u00a0<\/span><\/b><\/p>\n<p>Pre-Evaluation BIP \u2013 <a href=\"https:\/\/docs.google.com\/forms\/d\/e\/1FAIpQLSdv46YtU1rGLrP_PycNrptNxgKa12YCB4u_clvPEYh512kqBA\/viewform\">find <b>here<span class=\"Apple-converted-space\">\u00a0<\/span><\/b><\/a><\/p>\n<p>Post-Evaluation BIP \u2013<a href=\"https:\/\/docs.google.com\/forms\/d\/e\/1FAIpQLSdVvWmmOGA8Vzr08OiF-RBk87UDWY-ihCT4aYWCmLC--bwxUQ\/viewform\"> find <b>here<span class=\"Apple-converted-space\">\u00a0<\/span><\/b><\/a><\/p>\n<\/div><\/div><\/div><div class=\"fusion-layout-column fusion_builder_column fusion-builder-column-1 fusion_builder_column_1_2 1_2 fusion-flex-column\" style=\"--awb-bg-size:cover;--awb-width-large:50%;--awb-margin-top-large:0px;--awb-spacing-right-large:3.84%;--awb-margin-bottom-large:20px;--awb-spacing-left-large:3.84%;--awb-width-medium:50%;--awb-order-medium:0;--awb-spacing-right-medium:3.84%;--awb-spacing-left-medium:3.84%;--awb-width-small:100%;--awb-order-small:0;--awb-spacing-right-small:1.92%;--awb-spacing-left-small:1.92%;\"><div class=\"fusion-column-wrapper fusion-column-has-shadow fusion-flex-justify-content-flex-start fusion-content-layout-column\"><\/div><\/div><\/div><\/div><div class=\"fusion-fullwidth fullwidth-box fusion-builder-row-2 fusion-flex-container has-pattern-background has-mask-background nonhundred-percent-fullwidth non-hundred-percent-height-scrolling\" style=\"--awb-border-radius-top-left:0px;--awb-border-radius-top-right:0px;--awb-border-radius-bottom-right:0px;--awb-border-radius-bottom-left:0px;--awb-flex-wrap:wrap;\" ><div class=\"fusion-builder-row fusion-row fusion-flex-align-items-flex-start fusion-flex-content-wrap\" style=\"max-width:1248px;margin-left: calc(-4% \/ 2 );margin-right: calc(-4% \/ 2 );\"><div class=\"fusion-layout-column fusion_builder_column fusion-builder-column-2 fusion_builder_column_1_1 1_1 fusion-flex-column\" style=\"--awb-bg-size:cover;--awb-width-large:100%;--awb-margin-top-large:0px;--awb-spacing-right-large:1.92%;--awb-margin-bottom-large:20px;--awb-spacing-left-large:1.92%;--awb-width-medium:100%;--awb-order-medium:0;--awb-spacing-right-medium:1.92%;--awb-spacing-left-medium:1.92%;--awb-width-small:100%;--awb-order-small:0;--awb-spacing-right-small:1.92%;--awb-spacing-left-small:1.92%;\" data-scroll-devices=\"small-visibility,medium-visibility,large-visibility\"><div class=\"fusion-column-wrapper fusion-column-has-shadow fusion-flex-justify-content-flex-start fusion-content-layout-column\"><div class=\"fusion-flip-boxes flip-boxes row fusion-columns-2 flip-effect-3d equal-heights\" style=\"--awb-flip-duration:1.2s;--awb-margin-top:20px;\"><div class=\"fusion-flip-box-wrapper fusion-column col-lg-6 col-md-6 col-sm-6\"><div class=\"fusion-flip-box flip-left fusion-animated\" style=\"--awb-animation-color:hsla(var(--awb-color2-h),calc(var(--awb-color2-s) + 30%),var(--awb-color2-l),var(--awb-color2-a));\" tabindex=\"0\" data-animationType=\"revealInDown\" data-animationDuration=\"1.0\" data-animationOffset=\"top-into-view\"><div class=\"flip-box-inner-wrapper\"><div class=\"flip-box-front\" style=\"--awb-border-size:0px;--awb-border-radius:10px;--awb-circle-color:#cecece;--awb-title-front-color:#000000;--awb-text-front-color:#000000;--awb-background-image-front:url(&#039;https:\/\/workdignity.eu\/wp-content\/uploads\/2025\/03\/LX-300x225.png&#039;);\"><div class=\"flip-box-front-inner\"><h4 class=\"flip-box-heading\" style=\"--h4_typography-font-family:var(--awb-typography1-font-family);--h4_typography-font-weight:var(--awb-typography1-font-weight);--h4_typography-font-style:var(--awb-typography1-font-style);--h4_typography-font-size:30px;--h4_typography-letter-spacing:var(--awb-typography1-letter-spacing);--h4_typography-line-height:var(--awb-typography1-line-height);--h4_typography-text-transform:var(--awb-typography1-text-transform);\">Lisboa <\/h4>ISTEC Lisboa<\/div><\/div><div class=\"flip-box-back\" style=\"--awb-border-size:0px;--awb-border-radius:10px;--awb-circle-color:#cecece;--awb-background-color-back:hsla(var(--awb-color5-h),calc(var(--awb-color5-s) + 15%),var(--awb-color5-l),var(--awb-color5-a));--awb-title-back-color:var(--awb-color1);--awb-text-back-color:var(--awb-color1);--awb-background-image-back:url(&#039;https:\/\/workdignity.eu\/wp-content\/uploads\/2025\/03\/flipboxes-bg-3.png&#039;);\"><div class=\"flip-box-back-inner\"><h4 class=\"flip-box-heading-back\" style=\"--h4_typography-font-family:var(--awb-typography1-font-family);--h4_typography-font-weight:var(--awb-typography1-font-weight);--h4_typography-font-style:var(--awb-typography1-font-style);--h4_typography-font-size:30px;--h4_typography-letter-spacing:var(--awb-typography1-letter-spacing);--h4_typography-line-height:var(--awb-typography1-line-height);--h4_typography-text-transform:var(--awb-typography1-text-transform);\">City of 7 Hills<\/h4>\n<p>Legend has it that Lisbon, like Rome, was born between seven hills. These hills were S\u00e3o Roque, S\u00e3o Jorge, S\u00e3o Vicente, Santo Andr\u00e9, Santa Catarina, Chagas and Sant&#8217;Ana. These hills are still important points in the city today and are part of several poems and songs that talk about the Portuguese capital.<\/p>\n<\/div><\/div><\/div><\/div><\/div><div class=\"fusion-flip-box-wrapper fusion-column col-lg-6 col-md-6 col-sm-6\"><div class=\"fusion-flip-box flip-down fusion-animated\" style=\"--awb-animation-color:hsla(var(--awb-color2-h),calc(var(--awb-color2-s) + 30%),var(--awb-color2-l),var(--awb-color2-a));\" tabindex=\"0\" data-animationType=\"revealInUp\" data-animationDuration=\"1.0\" data-animationOffset=\"top-into-view\"><div class=\"flip-box-inner-wrapper\"><div class=\"flip-box-front\" style=\"--awb-border-size:0px;--awb-border-radius:10px;--awb-circle-color:#cecece;--awb-title-front-color:#ffffff;--awb-text-front-color:#ffffff;--awb-background-image-front:url(&#039;https:\/\/workdignity.eu\/wp-content\/uploads\/2025\/03\/Santarem-300x225.png&#039;);\"><div class=\"flip-box-front-inner\"><h4 class=\"flip-box-heading\" style=\"--h4_typography-font-family:var(--awb-typography1-font-family);--h4_typography-font-weight:var(--awb-typography1-font-weight);--h4_typography-font-style:var(--awb-typography1-font-style);--h4_typography-font-size:30px;--h4_typography-letter-spacing:var(--awb-typography1-letter-spacing);--h4_typography-line-height:var(--awb-typography1-line-height);--h4_typography-text-transform:var(--awb-typography1-text-transform);\">Santar\u00e9m<\/h4>IPSantar\u00e9m<\/div><\/div><div class=\"flip-box-back\" style=\"--awb-border-size:0px;--awb-border-radius:10px;--awb-circle-color:#cecece;--awb-background-color-back:hsla(var(--awb-color5-h),calc(var(--awb-color5-s) + 15%),var(--awb-color5-l),var(--awb-color5-a));--awb-title-back-color:var(--awb-color1);--awb-text-back-color:var(--awb-color1);--awb-background-image-back:url(&#039;https:\/\/workdignity.eu\/wp-content\/uploads\/2025\/03\/flipboxes-bg-3.png&#039;);\"><div class=\"flip-box-back-inner\"><h4 class=\"flip-box-heading-back\" style=\"--h4_typography-font-family:var(--awb-typography1-font-family);--h4_typography-font-weight:var(--awb-typography1-font-weight);--h4_typography-font-style:var(--awb-typography1-font-style);--h4_typography-font-size:30px;--h4_typography-letter-spacing:var(--awb-typography1-letter-spacing);--h4_typography-line-height:var(--awb-typography1-line-height);--h4_typography-text-transform:var(--awb-typography1-text-transform);\">Capital of the Gothic<\/h4>Santar\u00e9m has a rich heritage and is often known as the \u201cCapital of the Gothic\u201d, due to the many monuments that have been erected here dedicated to this architectural and artistic style, some of which have already disappeared (as in the 1755 earthquake, which destroyed so much of the city) or have been altered.<\/div><\/div><\/div><\/div><\/div><\/div><div class=\"fusion-flip-boxes flip-boxes row fusion-columns-2 flip-effect-3d equal-heights\" style=\"--awb-flip-duration:1.2s;--awb-margin-top:20px;\"><div class=\"fusion-flip-box-wrapper fusion-column col-lg-6 col-md-6 col-sm-6\"><div class=\"fusion-flip-box flip-left fusion-animated\" style=\"--awb-animation-color:hsla(var(--awb-color2-h),calc(var(--awb-color2-s) + 30%),var(--awb-color2-l),var(--awb-color2-a));\" tabindex=\"0\" data-animationType=\"revealInDown\" data-animationDuration=\"1.0\" data-animationOffset=\"top-into-view\"><div class=\"flip-box-inner-wrapper\"><div class=\"flip-box-front\" style=\"--awb-border-size:0px;--awb-border-radius:10px;--awb-circle-color:#cecece;--awb-background-color-front:var(--awb-color1);--awb-title-front-color:#000000;--awb-text-front-color:#000000;--awb-background-image-front:url(&#039;https:\/\/workdignity.eu\/wp-content\/uploads\/2025\/05\/home06-300x169.jpg&#039;);\"><div class=\"flip-box-front-inner\"><h4 class=\"flip-box-heading\" style=\"--h4_typography-font-family:var(--awb-typography1-font-family);--h4_typography-font-weight:var(--awb-typography1-font-weight);--h4_typography-font-style:var(--awb-typography1-font-style);--h4_typography-font-size:30px;--h4_typography-letter-spacing:var(--awb-typography1-letter-spacing);--h4_typography-line-height:var(--awb-typography1-line-height);--h4_typography-text-transform:var(--awb-typography1-text-transform);\">Nazar\u00e9<\/h4>Surf<\/div><\/div><div class=\"flip-box-back\" style=\"--awb-border-size:0px;--awb-border-radius:10px;--awb-circle-color:#cecece;--awb-background-color-back:hsla(var(--awb-color5-h),calc(var(--awb-color5-s) + 15%),var(--awb-color5-l),var(--awb-color5-a));--awb-title-back-color:var(--awb-color1);--awb-text-back-color:var(--awb-color1);--awb-background-image-back:url(&#039;https:\/\/workdignity.eu\/wp-content\/uploads\/2025\/03\/flipboxes-bg-3.png&#039;);\"><div class=\"flip-box-back-inner\"><h4 class=\"flip-box-heading-back\" style=\"--h4_typography-font-family:var(--awb-typography1-font-family);--h4_typography-font-weight:var(--awb-typography1-font-weight);--h4_typography-font-style:var(--awb-typography1-font-style);--h4_typography-font-size:30px;--h4_typography-letter-spacing:var(--awb-typography1-letter-spacing);--h4_typography-line-height:var(--awb-typography1-line-height);--h4_typography-text-transform:var(--awb-typography1-text-transform);\">Nazar\u00e9<\/h4>\n<p>Nazar\u00e9 is a picturesque and vibrant coastal town located on the Silver Coast of Portugal, in the Oeste region. Famous worldwide for its colossal ocean waves at Praia do Norte, which attract big-wave surfers from across the globe, Nazar\u00e9 offers much more than just thrilling surf.<\/p>\n<\/div><\/div><\/div><\/div><\/div><div class=\"fusion-flip-box-wrapper fusion-column col-lg-6 col-md-6 col-sm-6\"><div class=\"fusion-flip-box flip-down fusion-animated\" style=\"--awb-animation-color:hsla(var(--awb-color2-h),calc(var(--awb-color2-s) + 30%),var(--awb-color2-l),var(--awb-color2-a));\" tabindex=\"0\" data-animationType=\"revealInUp\" data-animationDuration=\"1.0\" data-animationOffset=\"top-into-view\"><div class=\"flip-box-inner-wrapper\"><div class=\"flip-box-front\" style=\"--awb-border-size:0px;--awb-border-radius:10px;--awb-circle-color:#cecece;--awb-title-front-color:#ffffff;--awb-text-front-color:#ffffff;--awb-background-image-front:url(&#039;https:\/\/workdignity.eu\/wp-content\/uploads\/2025\/05\/home05-300x200.jpg&#039;);\"><div class=\"flip-box-front-inner\"><h4 class=\"flip-box-heading\" style=\"--h4_typography-font-family:var(--awb-typography1-font-family);--h4_typography-font-weight:var(--awb-typography1-font-weight);--h4_typography-font-style:var(--awb-typography1-font-style);--h4_typography-font-size:30px;--h4_typography-letter-spacing:var(--awb-typography1-letter-spacing);--h4_typography-line-height:var(--awb-typography1-line-height);--h4_typography-text-transform:var(--awb-typography1-text-transform);\">\u00d3bidos<\/h4>Castle<\/div><\/div><div class=\"flip-box-back\" style=\"--awb-border-size:0px;--awb-border-radius:10px;--awb-circle-color:#cecece;--awb-background-color-back:hsla(var(--awb-color5-h),calc(var(--awb-color5-s) + 15%),var(--awb-color5-l),var(--awb-color5-a));--awb-title-back-color:var(--awb-color1);--awb-text-back-color:var(--awb-color1);--awb-background-image-back:url(&#039;https:\/\/workdignity.eu\/wp-content\/uploads\/2025\/03\/flipboxes-bg-3.png&#039;);\"><div class=\"flip-box-back-inner\"><h4 class=\"flip-box-heading-back\" style=\"--h4_typography-font-family:var(--awb-typography1-font-family);--h4_typography-font-weight:var(--awb-typography1-font-weight);--h4_typography-font-style:var(--awb-typography1-font-style);--h4_typography-font-size:30px;--h4_typography-letter-spacing:var(--awb-typography1-letter-spacing);--h4_typography-line-height:var(--awb-typography1-line-height);--h4_typography-text-transform:var(--awb-typography1-text-transform);\">Castle<\/h4>\n<p>\u00d3bidos is a remarkably well-preserved medieval town located in the Oeste region of Portugal, a short distance north of Lisbon. Encircled by ancient castle walls, this charming town is a living postcard, transporting visitors back in time with its whitewashed houses adorned with colourful flowers, narrow cobblestone streets, and the imposing \u00d3bidos Castle<\/p>\n<\/div><\/div><\/div><\/div><\/div><\/div><\/div><\/div><\/div><\/div><\/p>\n","protected":false},"excerpt":{"rendered":"","protected":false},"author":1,"featured_media":0,"parent":0,"menu_order":0,"comment_status":"closed","ping_status":"closed","template":"100-width.php","meta":{"footnotes":""},"class_list":["post-10","page","type-page","status-publish","hentry"],"_links":{"self":[{"href":"https:\/\/workdignity.eu\/index.php?rest_route=\/wp\/v2\/pages\/10","targetHints":{"allow":["GET"]}}],"collection":[{"href":"https:\/\/workdignity.eu\/index.php?rest_route=\/wp\/v2\/pages"}],"about":[{"href":"https:\/\/workdignity.eu\/index.php?rest_route=\/wp\/v2\/types\/page"}],"author":[{"embeddable":true,"href":"https:\/\/workdignity.eu\/index.php?rest_route=\/wp\/v2\/users\/1"}],"replies":[{"embeddable":true,"href":"https:\/\/workdignity.eu\/index.php?rest_route=%2Fwp%2Fv2%2Fcomments&post=10"}],"version-history":[{"count":28,"href":"https:\/\/workdignity.eu\/index.php?rest_route=\/wp\/v2\/pages\/10\/revisions"}],"predecessor-version":[{"id":198,"href":"https:\/\/workdignity.eu\/index.php?rest_route=\/wp\/v2\/pages\/10\/revisions\/198"}],"wp:attachment":[{"href":"https:\/\/workdignity.eu\/index.php?rest_route=%2Fwp%2Fv2%2Fmedia&parent=10"}],"curies":[{"name":"wp","href":"https:\/\/api.w.org\/{rel}","templated":true}]}}