{"id":22,"date":"2025-03-11T11:59:43","date_gmt":"2025-03-11T11:59:43","guid":{"rendered":"https:\/\/workdignity.eu\/?page_id=22"},"modified":"2025-06-22T20:01:54","modified_gmt":"2025-06-22T20:01:54","slug":"schedule","status":"publish","type":"page","link":"https:\/\/workdignity.eu\/?page_id=22","title":{"rendered":"Schedule"},"content":{"rendered":"<div class=\"fusion-fullwidth fullwidth-box fusion-builder-row-1 fusion-flex-container has-pattern-background has-mask-background nonhundred-percent-fullwidth non-hundred-percent-height-scrolling\" style=\"--awb-border-radius-top-left:0px;--awb-border-radius-top-right:0px;--awb-border-radius-bottom-right:0px;--awb-border-radius-bottom-left:0px;--awb-flex-wrap:wrap;\" ><div class=\"fusion-builder-row fusion-row fusion-flex-align-items-flex-start fusion-flex-content-wrap\" style=\"max-width:1248px;margin-left: calc(-4% \/ 2 );margin-right: calc(-4% \/ 2 );\"><div class=\"fusion-layout-column fusion_builder_column fusion-builder-column-0 fusion_builder_column_1_1 1_1 fusion-flex-column\" style=\"--awb-bg-size:cover;--awb-width-large:100%;--awb-margin-top-large:0px;--awb-spacing-right-large:1.92%;--awb-margin-bottom-large:20px;--awb-spacing-left-large:1.92%;--awb-width-medium:100%;--awb-order-medium:0;--awb-spacing-right-medium:1.92%;--awb-spacing-left-medium:1.92%;--awb-width-small:100%;--awb-order-small:0;--awb-spacing-right-small:1.92%;--awb-spacing-left-small:1.92%;\"><div class=\"fusion-column-wrapper fusion-column-has-shadow fusion-flex-justify-content-flex-start fusion-content-layout-column\"><div class=\"fusion-tabs fusion-tabs-1 classic nav-is-justified horizontal-tabs icon-position-left mobile-mode-carousel mobile-sticky-tabs\" style=\"--awb-margin-top:80px;--awb-margin-bottom:80px;--awb-title-border-radius-top-left:0px;--awb-title-border-radius-top-right:0px;--awb-title-border-radius-bottom-right:0px;--awb-title-border-radius-bottom-left:0px;--awb-content-padding-top:50px;--awb-content-padding-right:50px;--awb-content-padding-bottom:20px;--awb-content-padding-left:50px;--awb-title-padding-top:25px;--awb-title-padding-right:20px;--awb-title-padding-bottom:25px;--awb-title-padding-left:20px;--awb-title-font-size:18px;--awb-title-text-transform:var(--awb-typography1-text-transform);--awb-title-line-height:1.7;--awb-title-letter-spacing:var(--awb-typography1-letter-spacing);--awb-alignment:start;--awb-inactive-color:#ffffff;--awb-title-text-color:#141617;--awb-title-active-text-color:#129e76;--awb-background-color:#eff4f2;--awb-border-color:rgba(255,255,255,0);--awb-active-border-color:#129e76;\"><div class=\"nav\"><ul class=\"nav-tabs nav-justified\" role=\"tablist\"><li class=\"active\" role=\"presentation\"><a class=\"tab-link\" data-toggle=\"tab\" role=\"tab\" aria-controls=\"tab-1a064d142457cac9579\" aria-selected=\"true\" id=\"fusion-tab-monday|23-06\" href=\"#tab-1a064d142457cac9579\"><h3 class=\"fusion-tab-heading\">MONDAY | 23-06<\/h3><\/a><\/li><li role=\"presentation\"><a class=\"tab-link\" data-toggle=\"tab\" role=\"tab\" aria-controls=\"tab-e15068f69c9e232a5b3\" aria-selected=\"false\" tabindex=\"-1\" id=\"fusion-tab-tuesday|24-06\" href=\"#tab-e15068f69c9e232a5b3\"><h3 class=\"fusion-tab-heading\">TUESDAY | 24-06<\/h3><\/a><\/li><li role=\"presentation\"><a class=\"tab-link\" data-toggle=\"tab\" role=\"tab\" aria-controls=\"tab-cd223620271d8b8e75f\" aria-selected=\"false\" tabindex=\"-1\" id=\"fusion-tab-wednesday|25-06\" href=\"#tab-cd223620271d8b8e75f\"><h3 class=\"fusion-tab-heading\">WEDNESDAY | 25-06<\/h3><\/a><\/li><li role=\"presentation\"><a class=\"tab-link\" data-toggle=\"tab\" role=\"tab\" aria-controls=\"tab-f87f74be31f50e050a9\" aria-selected=\"false\" tabindex=\"-1\" id=\"fusion-tab-thursday|26-06\" href=\"#tab-f87f74be31f50e050a9\"><h3 class=\"fusion-tab-heading\">THURSDAY | 26-06<\/h3><\/a><\/li><li role=\"presentation\"><a class=\"tab-link\" data-toggle=\"tab\" role=\"tab\" aria-controls=\"tab-1bc352f71b206da014a\" aria-selected=\"false\" tabindex=\"-1\" id=\"fusion-tab-friday|27-06\" href=\"#tab-1bc352f71b206da014a\"><h3 class=\"fusion-tab-heading\">FRIDAY | 27-06<\/h3><\/a><\/li><\/ul><\/div><div class=\"tab-content\"><div class=\"tab-pane fade fusion-clearfix in active\" role=\"tabpanel\" tabindex=\"0\" aria-labelledby=\"fusion-tab-monday|23-06\" id=\"tab-1a064d142457cac9579\"><strong>Opening and Key Themes<\/strong><br \/>\nThe programme kicks off with an opening session featuring Jo\u00e3o Mout\u00e3o, Maria Potes Barbas, Ant\u00f3nio Fidalgo, and C\u00e9u Martins. This will be followed by a keynote speech on The Future of European Competitiveness and Skills by member of European Parliament, Sebasti\u00e3o Bugalho and a talk on Future Jobs and Digital Communications in the AI Era by V\u00e2nia Neto from Microsoft Portugal. Later in the day, participants will engage in inspirational talks, where experts will share success stories and insights on navigating the digital world. The afternoon will feature an in-depth discussion on disruptive and generative AI, led by Saso Koceski from Goce University, followed by a hands-on session on Chatbot Aggregator GenAI platforms with Ivo Benedito. The day concludes with a welcome dinner at Quinta da Lagoalva in Alpiar\u00e7a, providing an informal networking space for participants, speakers, and organizers.<\/p>\n<p>10H00: <strong>Welcome <\/strong>| Jo\u00e3o Mout\u00e3o; Maria Potes Barbas; Ant\u00f3nio Fidalgo; C\u00e9u Martins<br \/>\n<strong>IA and the Future of EU Competitiveness and Skills<\/strong> | Carlos Zorrinho, Full Professor at \u00c9vora University; Darwyn Bruelemans, Web Project Administrator;<br \/>\n<strong>Future Jobs: Digital communications in the era of AI<\/strong> | V\u00e2nia Neto, Microsoft Portugal, Artur Pereira, Vice-President of Web Summit, Joaquim Godinho, Coordinator of Metared Portugal<br \/>\n11H00: <strong>Coffee Break<\/strong><br \/>\n11h30 \u2013 12h30: <strong>Inspirational Talks | Share your success and engage dialogue with students and staff. AI in higher education: share the knowledge<\/strong> | Jo\u00e3o Mout\u00e3o, Luminita Popescu, Lina Girdauskiene, Dejan Mirakovski, Juan Perez Miranda, Michal Markuszewski, Julia Marinaccio, Daniel Gro\u00dfmann<br \/>\n12H30: <strong>Interactive Lunch Time<\/strong><br \/>\n14H00-15h30: <strong>Disruptive and generative AI_be prepared!<\/strong> | Saso koceski_ Goce University<br \/>\n15H30 &#8211; 17H00: <strong>Chatbot Aggregator GenAI platform<\/strong> | Ivo Benedito<br \/>\n19H00: <strong>Welcome dinner at Quinta da Lagoalva, Alpiar\u00e7a<\/strong><br \/>\n<strong>Note<\/strong>: The moderator will be a Hologram figure named Ethos<\/div><div class=\"tab-pane fade fusion-clearfix\" role=\"tabpanel\" tabindex=\"0\" aria-labelledby=\"fusion-tab-tuesday|24-06\" id=\"tab-e15068f69c9e232a5b3\"><strong>Work Dignity and AI Ethics<\/strong><br \/>\nTuesday begins with a session on Work Dignity Research Support, covering essential topics such as ethics in research, access to data, cybersecurity, AI usage, and impact reviews. Experts such as Corina Dragan, Filipe Madeira, Ana P\u00e9rez Escoda, and Eduardo Pilo will guide participants through best practices for ethical engagement with AI in professional environments. The morning continues with a workshop on designing AI-driven solutions through empathy mapping, facilitated by S\u00edlvia Nunes, Andreia Teles Vieira, and Maria Potes Barbas. This session will provide practical tools for developing user-centered digital solutions. In the afternoon, participants will explore the question &#8220;Should we be scared of AI?&#8221; in a workshop led by Natasa Koceska from Goce University. The day will close with a visit to the mayor and a guided tour of Santar\u00e9m\u2019s Gothic heritage, offering a cultural perspective on historical and modern transformations in society.<\/p>\n<p>09H30-11h00: <strong>Work Dignity Research Support (Research Plan; Access to Data; Writing Process; Code of Ethics; Plagiarism; Cybersecurity; Use of AI; Impact Reviews and Career Development<\/strong> | Susana Cola\u00e7o, Neusa Branco; Corina Dragan; Filipe Madeira; Ana P\u00e9rez Escoda; Luis Miguel Esteban; Saso Koceski; Eduardo Pilo; Carla Santos, Paula Pinto;<br \/>\n11H00: <strong>Coffee Break<\/strong><br \/>\n11H30-12h30: <strong>CREATE your future | Practical workshop: Digital Technologies and Empathy Mapping: Designing PROJECT Solutions for AI Tools | Word Cloud<\/strong> | Maria Potes Barbas; S\u00edlvia Nunes (Michaelpage); Cristina Novo; Ana Torres; Isabel Piscalho; Andreia Teles Vieira, Paulo Branco, Patr\u00edcia Pereira and D\u00e1rio Rodrigues<br \/>\n12H30: <strong>Interactive Lunch Time<\/strong><br \/>\n14h00-15h30: <strong>Practical workshop: Should we be scared from AI? Be aware and use it right.<\/strong> | Natasa Koceska (Goce University)<br \/>\n15H30 -17H00: <strong>Visit the Mayor; Visit the Gothic Santar\u00e9m Environment<\/strong><br \/>\n<strong>Note:<\/strong> The moderator will be a Hologram figure named Ethos<\/div><div class=\"tab-pane fade fusion-clearfix\" role=\"tabpanel\" tabindex=\"0\" aria-labelledby=\"fusion-tab-wednesday|25-06\" id=\"tab-cd223620271d8b8e75f\"><strong>Cultural Immersion and Idea Development<\/strong><br \/>\nMidweek, the programme shifts to a cultural and experiential learning day. Participants will travel to Nazar\u00e9 and \u00d3bidos, two iconic locations in Portugal, for networking and sightseeing. In the afternoon, the focus returns to innovation with the session &#8220;Surf Your GenAI Ideas&#8221;, where Jo\u00e3o Mout\u00e3o, Nuno Pimenta, and Telmo Teot\u00f3nio will challenge participants to develop creative approaches to AI integration in their fields of expertise.<\/p>\n<p>8h30: <strong>Bus IPSantar\u00e9m to Visit to Nazar\u00e9 and \u00d3bidos<\/strong><br \/>\n12H30: <strong>Sightseeing Lunch Time (Lunch is provided by yourself)<\/strong><br \/>\n14H00 -17H00: <strong>SURF your GenAI Ideas all together!<\/strong> | Jo\u00e3o Mout\u00e3o; Nuno Pimenta; Telmo Teot\u00f3nio<\/div><div class=\"tab-pane fade fusion-clearfix\" role=\"tabpanel\" tabindex=\"0\" aria-labelledby=\"fusion-tab-thursday|26-06\" id=\"tab-f87f74be31f50e050a9\"><strong>Innovation, Skills and Future Talent<\/strong><br \/>\nThursday\u2019s sessions are dedicated to fostering innovation and preparing for the future job market. The morning starts with a discussion on building a culture of innovation and problem-solving, featuring Ant\u00f3nio Fidalgo and Jos\u00e9 Ant\u00f3nio Carri\u00e7o from ISTEC. This is followed by expert-led workshops on emerging job profiles, talent inflow, AI-based CV creation, and multimodal learning experiences. Key contributors include Maria Koutsbomgera, Evan Kapros, Paulo Duarte, Andreia Vieira, and Ivo Benedito, who will guide participants in exploring how AI is reshaping professional opportunities and skills development. In the afternoon, participants will take part in interactive parallel workshops, offering deeper engagement with AI applications in digital communications, research, and career development. The day concludes with the &#8220;Align, Act, Accelerate&#8221; Report Presentation, where Manuel Heitor and Ant\u00f3nio Fidalgo will discuss research, technology, and innovation strategies to enhance European competitiveness. This is followed by a formal Work Dignity Dinner, bringing together members of European Alliances, ambassadors, Erasmus+ representatives, and Predict EU partners.<\/p>\n<p>10H00 &#8211; 10H30 | <strong>Work Dignity &#8211; Attractive and inclusive RD&amp;I ecosystem Unlocking Creativity: Building a Culture of Innovation and Problem-Solving<\/strong><br \/>\nAnt\u00f3nio Fidalgo; &amp; Jos\u00e9 Ant\u00f3nio Carri\u00e7o (Welcome ISTEC)<br \/>\nMaria Potes Barbas_PREDICT_EU Project; CIAC-PLDIS IPSantar\u00e9m; EU PROJECT PREDICT<br \/>\nJos\u00e9 Baptista (Portuguese Parliament)<br \/>\n10H30 \u2013 11H15: <strong>Advanced European Green Deal (new skills, jobs profiles, talent inflow)<\/strong>: presentation<br \/>\nMaria Koutsbomgera; Evan Kapros_PREDICT_ENDURAE MULTIMODAL LEARNING EXPERIENCES IN THE AGE OF AI<br \/>\nPaulo Duarte NEW AI SKILLS_CREATE YOUR CV<br \/>\nAndreia Vieira; TALENT INFLOW CREATE VIDEOGRAMS USING AI<br \/>\nGabriela Neagu APPROPRIATE GUIDANCE TO RESEARCH IN THE AGE OF AI<br \/>\n11h15 &#8211; 11h30: <strong>Coffee Break<\/strong><br \/>\n11H30 &#8211; 12H30: <strong>PARALLEL INTERACTIVE WORKSHOPS<\/strong><br \/>\nMaria Koutsbomgera; Evan Kapros_PREDICT_ENDURAE MULTIMODAL LEARNING EXPERIENCES IN THE AGE OF AI<br \/>\nPaulo Duarte NEW AI SKILLS_CREATE YOUR CV<br \/>\nAndreia Vieira; TALENT INFLOW CREATE VIDEOGRAMS USING AI<br \/>\nGabriela Neagu APPROPRIATE GUIDANCE TO RESEARCH IN THE AGE OF AI<\/p>\n<p>12H30 -14H: <strong>Sandwich Lunch<\/strong><br \/>\n14H00-15H00\/15H00-16H00\/16H00-17H00: <strong>PARALLEL INTERACTIVE WORKSHOPS<\/strong><br \/>\nMaria Koutsbomgera; Evan Kapros_PREDICT_ENDURAE MULTIMODAL LEARNING EXPERIENCES IN THE AGE OF AI<br \/>\nPaulo Duarte NEW AI SKILLS_CREATE YOUR CV<br \/>\nAndreia Vieira; TALENT INFLOW CREATE VIDEOGRAMS USING AI<br \/>\nGabriela Neagu APPROPRIATE GUIDANCE TO RESEARCH IN THE AGE OF AI<br \/>\n17H00 \u2013 19H00: <strong>Free Time<\/strong><br \/>\n19H00 \u2013 20H00: <strong>EU INITIATIVES<\/strong>| Beatrice Busse (Chair of the FOREU4ALL Board); Ana Cristina Perdig\u00e3o (Director of the National Agency Erasmus+ Education and Training); Manuel Heitor; Ant\u00f3nio Fidalgo<br \/>\n20H00: <strong>WORK DIGNITY DINNER<\/strong> with the European Alliances Members, Ambassadors, Predict EU Partners; Erasmus+ National Agency<br \/>\n<strong>Note<\/strong>: The moderator will be a Hologram figure named Ethos<\/div><div class=\"tab-pane fade fusion-clearfix\" role=\"tabpanel\" tabindex=\"0\" aria-labelledby=\"fusion-tab-friday|27-06\" id=\"tab-1bc352f71b206da014a\"><strong>Final Discussions and Lisbon Exploration <\/strong><br \/>\nThe final day of the programme will focus on global competition and work dignity, featuring a talk on the challenges of increasing global competition with Paulo Branco. Participants will then have the chance to meet with industry leaders, NGOs, and European project representatives in face-to-face meetings, gaining valuable professional insights and networking opportunities. The programme concludes with a Lisbon sightseeing tour, exclusively for international partners, allowing them to experience Portugal\u2019s capital while reflecting on the week\u2019s learnings.<\/p>\n<p>10H00 \u2013 11H00: <strong>Increasing global competition: a wake-up Work Dignity WELCOME<\/strong> Ant\u00f3nio Fidalgo; Carlos Cardeira; Diogo Algarvio<br \/>\n<strong>Talk | Increasing Global Competition: A Wake-Up Work Dignity<\/strong> Paulo Branco<br \/>\nCompany 1: Jo\u00e3o Jesus Caetano (Presidente do Instituto da Mobilidade e dos Transportes Terrestres)<br \/>\nCompany 2: Jos\u00e9 Manuel Mota (Beato Innovation District Project Manager)<br \/>\nCompany 3: Gualter Cris\u00f3stomo (Executive Director of DIH 4 Climate Neutrality | CEiiA &#8211; Centre of Engineering and Product Development)<br \/>\nCompany 4: Lu\u00eds de Sousa (Principal Research of Lisbon University)<br \/>\nCompany 5: Dmitrii Tiutkov (Founder &amp; CEO of ANGELCAKES Chain)<br \/>\nCompany 6: Dmitrii Bekhterev (CEO of Fayrix Software, Israel)<br \/>\n10H00 &#8211; 12H30: <strong>F2F Meetings with Enterprises<\/strong>, academia NGO\u00b4s, Associations, European Projects<br \/>\n12H30 &#8211; 14H00: <strong>Sandwich Lunch<\/strong><br \/>\n14H00 \u2013 17H00: <strong>Enjoy Life<\/strong> &#8211; Boost YOUR Work Dignity LISBON SIGHTSEEING TOUR_EXCLUSIVLY FOR INTERATIONAL PARTNERS<br \/>\n<strong>Note<\/strong>: The moderator will be an Hologram figure named Ethos<\/div><\/div><\/div><\/div><\/div><\/div><\/div>\n","protected":false},"excerpt":{"rendered":"","protected":false},"author":1,"featured_media":0,"parent":0,"menu_order":0,"comment_status":"closed","ping_status":"closed","template":"100-width.php","meta":{"footnotes":""},"class_list":["post-22","page","type-page","status-publish","hentry"],"_links":{"self":[{"href":"https:\/\/workdignity.eu\/index.php?rest_route=\/wp\/v2\/pages\/22","targetHints":{"allow":["GET"]}}],"collection":[{"href":"https:\/\/workdignity.eu\/index.php?rest_route=\/wp\/v2\/pages"}],"about":[{"href":"https:\/\/workdignity.eu\/index.php?rest_route=\/wp\/v2\/types\/page"}],"author":[{"embeddable":true,"href":"https:\/\/workdignity.eu\/index.php?rest_route=\/wp\/v2\/users\/1"}],"replies":[{"embeddable":true,"href":"https:\/\/workdignity.eu\/index.php?rest_route=%2Fwp%2Fv2%2Fcomments&post=22"}],"version-history":[{"count":21,"href":"https:\/\/workdignity.eu\/index.php?rest_route=\/wp\/v2\/pages\/22\/revisions"}],"predecessor-version":[{"id":196,"href":"https:\/\/workdignity.eu\/index.php?rest_route=\/wp\/v2\/pages\/22\/revisions\/196"}],"wp:attachment":[{"href":"https:\/\/workdignity.eu\/index.php?rest_route=%2Fwp%2Fv2%2Fmedia&parent=22"}],"curies":[{"name":"wp","href":"https:\/\/api.w.org\/{rel}","templated":true}]}}